{"id":60,"date":"2022-12-09T05:26:44","date_gmt":"2022-12-09T05:26:44","guid":{"rendered":"https:\/\/cinatworld.org\/unicinat\/?page_id=60"},"modified":"2022-12-27T19:27:24","modified_gmt":"2022-12-27T19:27:24","slug":"licenciatura-en-bombero","status":"publish","type":"page","link":"https:\/\/cinatworld.org\/unicinat\/licenciatura-en-bombero\/","title":{"rendered":"Licenciatura en Bombero"},"content":{"rendered":"\t\t<div data-elementor-type=\"wp-page\" data-elementor-id=\"60\" class=\"elementor elementor-60\">\n\t\t\t\t\t\t<section class=\"elementor-section elementor-top-section elementor-element elementor-element-3ebb3a8 elementor-section-stretched elementor-section-boxed elementor-section-height-default elementor-section-height-default\" data-id=\"3ebb3a8\" data-element_type=\"section\" data-e-type=\"section\" data-settings=\"{&quot;stretch_section&quot;:&quot;section-stretched&quot;,&quot;background_background&quot;:&quot;classic&quot;}\">\n\t\t\t\t\t\t\t<div class=\"elementor-background-overlay\"><\/div>\n\t\t\t\t\t\t\t<div class=\"elementor-container elementor-column-gap-default\">\n\t\t\t\t\t<div class=\"elementor-column elementor-col-100 elementor-top-column elementor-element elementor-element-c094480\" data-id=\"c094480\" data-element_type=\"column\" data-e-type=\"column\">\n\t\t\t<div class=\"elementor-widget-wrap elementor-element-populated\">\n\t\t\t\t\t\t<div class=\"elementor-element elementor-element-a1d29d8 elementor-widget elementor-widget-spacer\" data-id=\"a1d29d8\" data-element_type=\"widget\" data-e-type=\"widget\" data-widget_type=\"spacer.default\">\n\t\t\t\t<div class=\"elementor-widget-container\">\n\t\t\t\t\t\t\t<div class=\"elementor-spacer\">\n\t\t\t<div class=\"elementor-spacer-inner\"><\/div>\n\t\t<\/div>\n\t\t\t\t\t\t<\/div>\n\t\t\t\t<\/div>\n\t\t\t\t<div class=\"elementor-element elementor-element-1cb17b4 elementor-widget elementor-widget-heading\" data-id=\"1cb17b4\" data-element_type=\"widget\" data-e-type=\"widget\" data-widget_type=\"heading.default\">\n\t\t\t\t<div class=\"elementor-widget-container\">\n\t\t\t\t\t<h2 class=\"elementor-heading-title elementor-size-default\">Licenciatura en Bombero<\/h2>\t\t\t\t<\/div>\n\t\t\t\t<\/div>\n\t\t\t\t<div class=\"elementor-element elementor-element-62b7e7c elementor-widget elementor-widget-heading\" data-id=\"62b7e7c\" data-element_type=\"widget\" data-e-type=\"widget\" data-widget_type=\"heading.default\">\n\t\t\t\t<div class=\"elementor-widget-container\">\n\t\t\t\t\t<h2 class=\"elementor-heading-title elementor-size-default\">RVOE 72\/2021<br><b><span style=\"font-family: Roboto, Arial;font-size: 18px;text-indent: 20px\">Convenio de La Haya n\u00ba XII, desde el 5 de octubre de 1961, para Colombia<\/span><\/b><\/h2>\t\t\t\t<\/div>\n\t\t\t\t<\/div>\n\t\t\t\t<div class=\"elementor-element elementor-element-2a5610d elementor-widget elementor-widget-spacer\" data-id=\"2a5610d\" data-element_type=\"widget\" data-e-type=\"widget\" data-widget_type=\"spacer.default\">\n\t\t\t\t<div class=\"elementor-widget-container\">\n\t\t\t\t\t\t\t<div class=\"elementor-spacer\">\n\t\t\t<div class=\"elementor-spacer-inner\"><\/div>\n\t\t<\/div>\n\t\t\t\t\t\t<\/div>\n\t\t\t\t<\/div>\n\t\t\t\t\t<\/div>\n\t\t<\/div>\n\t\t\t\t\t<\/div>\n\t\t<\/section>\n\t\t\t\t<section class=\"elementor-section elementor-top-section elementor-element elementor-element-ca23684 elementor-section-boxed elementor-section-height-default elementor-section-height-default\" data-id=\"ca23684\" data-element_type=\"section\" data-e-type=\"section\" data-settings=\"{&quot;background_background&quot;:&quot;classic&quot;}\">\n\t\t\t\t\t\t<div class=\"elementor-container elementor-column-gap-default\">\n\t\t\t\t\t<div class=\"elementor-column elementor-col-50 elementor-top-column elementor-element elementor-element-cb03da5\" data-id=\"cb03da5\" data-element_type=\"column\" data-e-type=\"column\">\n\t\t\t<div class=\"elementor-widget-wrap elementor-element-populated\">\n\t\t\t\t\t\t<div class=\"elementor-element elementor-element-c80fe49 elementor-widget elementor-widget-text-editor\" data-id=\"c80fe49\" data-element_type=\"widget\" data-e-type=\"widget\" data-widget_type=\"text-editor.default\">\n\t\t\t\t<div class=\"elementor-widget-container\">\n\t\t\t\t\t\t\t\t\t<strong style=\"color: #fc7e02;\">Modalidad:<\/strong> Online\n<br>\n<strong style=\"color: #fc7e02;\">Nivel Acad\u00e9mico:<\/strong>\u00a0 Profesional\t\t\t\t\t\t\t\t<\/div>\n\t\t\t\t<\/div>\n\t\t\t\t\t<\/div>\n\t\t<\/div>\n\t\t\t\t<div class=\"elementor-column elementor-col-50 elementor-top-column elementor-element elementor-element-cd9160b\" data-id=\"cd9160b\" data-element_type=\"column\" data-e-type=\"column\">\n\t\t\t<div class=\"elementor-widget-wrap elementor-element-populated\">\n\t\t\t\t\t\t<div class=\"elementor-element elementor-element-5cc6f99 elementor-widget elementor-widget-text-editor\" data-id=\"5cc6f99\" data-element_type=\"widget\" data-e-type=\"widget\" data-widget_type=\"text-editor.default\">\n\t\t\t\t<div class=\"elementor-widget-container\">\n\t\t\t\t\t\t\t\t\t<strong style=\"color: #fc7e02;\">Inicio de clases:<\/strong> 8 de enero de 2023\n<br>\n<strong style=\"color: #fc7e02;\">Duraci\u00f3n:<\/strong> 9 Cutrimestres (3 a\u00f1os)\t\t\t\t\t\t\t\t<\/div>\n\t\t\t\t<\/div>\n\t\t\t\t\t<\/div>\n\t\t<\/div>\n\t\t\t\t\t<\/div>\n\t\t<\/section>\n\t\t\t\t<section class=\"elementor-section elementor-top-section elementor-element elementor-element-ddaa5e3 elementor-section-stretched elementor-section-boxed elementor-section-height-default elementor-section-height-default\" data-id=\"ddaa5e3\" data-element_type=\"section\" data-e-type=\"section\" data-settings=\"{&quot;stretch_section&quot;:&quot;section-stretched&quot;}\">\n\t\t\t\t\t\t<div class=\"elementor-container elementor-column-gap-default\">\n\t\t\t\t\t<div class=\"elementor-column elementor-col-100 elementor-top-column elementor-element elementor-element-04cfe43\" data-id=\"04cfe43\" data-element_type=\"column\" data-e-type=\"column\">\n\t\t\t<div class=\"elementor-widget-wrap elementor-element-populated\">\n\t\t\t\t\t\t<div class=\"elementor-element elementor-element-90c2165 elementor-tabs-view-horizontal elementor-widget elementor-widget-tabs\" data-id=\"90c2165\" data-element_type=\"widget\" data-e-type=\"widget\" data-widget_type=\"tabs.default\">\n\t\t\t\t<div class=\"elementor-widget-container\">\n\t\t\t\t\t\t\t<div class=\"elementor-tabs\">\n\t\t\t<div class=\"elementor-tabs-wrapper\" role=\"tablist\" >\n\t\t\t\t\t\t\t\t\t<div id=\"elementor-tab-title-1511\" class=\"elementor-tab-title elementor-tab-desktop-title\" aria-selected=\"true\" data-tab=\"1\" role=\"tab\" tabindex=\"0\" aria-controls=\"elementor-tab-content-1511\" aria-expanded=\"false\">Acerca de <\/div>\n\t\t\t\t\t\t\t\t\t<div id=\"elementor-tab-title-1512\" class=\"elementor-tab-title elementor-tab-desktop-title\" aria-selected=\"false\" data-tab=\"2\" role=\"tab\" tabindex=\"-1\" aria-controls=\"elementor-tab-content-1512\" aria-expanded=\"false\">Plan de estudios<\/div>\n\t\t\t\t\t\t\t\t\t<div id=\"elementor-tab-title-1513\" class=\"elementor-tab-title elementor-tab-desktop-title\" aria-selected=\"false\" data-tab=\"3\" role=\"tab\" tabindex=\"-1\" aria-controls=\"elementor-tab-content-1513\" aria-expanded=\"false\">Solicitar Informaci\u00f3n<\/div>\n\t\t\t\t\t\t\t<\/div>\n\t\t\t<div class=\"elementor-tabs-content-wrapper\" role=\"tablist\" aria-orientation=\"vertical\">\n\t\t\t\t\t\t\t\t\t<div class=\"elementor-tab-title elementor-tab-mobile-title\" aria-selected=\"true\" data-tab=\"1\" role=\"tab\" tabindex=\"0\" aria-controls=\"elementor-tab-content-1511\" aria-expanded=\"false\">Acerca de <\/div>\n\t\t\t\t\t<div id=\"elementor-tab-content-1511\" class=\"elementor-tab-content elementor-clearfix\" data-tab=\"1\" role=\"tabpanel\" aria-labelledby=\"elementor-tab-title-1511\" tabindex=\"0\" hidden=\"false\"><h1><img fetchpriority=\"high\" decoding=\"async\" src=\"https:\/\/cinatworld.org\/unicinat\/wp-content\/uploads\/2022\/12\/Rescate-01-A.jpg\" alt=\"\" width=\"1280\" height=\"719\"><\/h1>\n<h1><strong style=\"color: #10354b;\">Prioridad Profesionalizar a los Bomberos de Colombia<\/strong><\/h1>\n<p dir=\"ltr\" style=\"color: #000000\">Llega a Colombia por primera vez, el inter\u00e9s de profesionalizar al bombero de manera integral e internacional, no solo mantener, la profesi\u00f3n como t\u00e9cnicos, Establecer las bases para la organizaci\u00f3n y funcionamiento de los Cuerpos de Bomberos de los Municipios de Colombia, como un servicio p\u00fablico en la atenci\u00f3n de emergencias, preponderantemente especializado en las labores de prevenci\u00f3n y combate de incendios; as\u00ed como de apoyo en la primera respuesta ante emergencias, desastres, rescates y salvamentos en el marco de la Gesti\u00f3n Integral del Riesgo y la Protecci\u00f3n Civil Estatal.<\/p>\n<h2 dir=\"ltr\" style=\"color: #fc7e02;\">Objetivo:<\/h2>\n<p dir=\"ltr\" style=\"color: #000000\">Profesionalizar al bombero, le permitir\u00e1 operar al equipo con el que trabaja de forma eficiente en cualquier siniestro que se le requiera, adem\u00e1s de desarrollar capacidades para administrar, planificar, organizar dirigir y controlar incidentes en su ejercito profesional cotidiano. Impulsando reformas pol\u00edticas de manera \u00e9tica con sustento cient\u00edfico que aseguren el ejercicio profesional del bombero y a la sociedad a la cual se deben.<\/p><\/div>\n\t\t\t\t\t\t\t\t\t<div class=\"elementor-tab-title elementor-tab-mobile-title\" aria-selected=\"false\" data-tab=\"2\" role=\"tab\" tabindex=\"-1\" aria-controls=\"elementor-tab-content-1512\" aria-expanded=\"false\">Plan de estudios<\/div>\n\t\t\t\t\t<div id=\"elementor-tab-content-1512\" class=\"elementor-tab-content elementor-clearfix\" data-tab=\"2\" role=\"tabpanel\" aria-labelledby=\"elementor-tab-title-1512\" tabindex=\"0\" hidden=\"hidden\"><table style=\"color:#000000\">\n<tbody>\n<tr>\n<td width=\"199\"><center>\n<strong>I<\/strong><\/center><\/td>\n<td width=\"200\"><center>\n<strong>II<\/strong><\/center><\/td>\n<td width=\"200\"><center>\n<strong>III<\/strong><\/center><\/td>\n<\/tr>\n<tr>\n<td width=\"199\">Sistema de comando de incidentes.<\/td>\n<td width=\"200\">Primeros auxilios psicol\u00f3gicos.<\/td>\n<td width=\"200\">Metodolog\u00eda de la investigaci\u00f3n.<\/td>\n<\/tr>\n<tr>\n<td width=\"199\">Matem\u00e1ticas fundamentales.<\/td>\n<td width=\"200\">Qu\u00edmica del fuego.<\/td>\n<td width=\"200\">\u00c9tica.<\/td>\n<\/tr>\n<tr>\n<td width=\"199\">Manejo de incendios I.<\/td>\n<td width=\"200\">F\u00edsica aplicada I.<\/td>\n<td width=\"200\">Manejo de incendios II.<\/td>\n<\/tr>\n<tr>\n<td width=\"199\">Geometr\u00eda aplicada<\/td>\n<td width=\"200\">Operaci\u00f3n de bombas contra incendios.<\/td>\n<td width=\"200\">Marco legal de materia de bomberos.<\/td>\n<\/tr>\n<tr>\n<td width=\"199\"><strong>\u00a0<\/strong><\/td>\n<td width=\"200\"><\/td>\n<td width=\"200\"><\/td>\n<\/tr>\n<tr>\n<td width=\"199\"><center>\n<strong>IV<\/strong><\/center><\/td>\n<td width=\"200\"><center>\n<strong>V<\/strong><\/center><\/td>\n<td width=\"200\"><center>\n<strong>VI<\/strong><\/center><\/td>\n<\/tr>\n<tr>\n<td width=\"199\">F\u00edsica aplicada II.<\/td>\n<td width=\"200\">Equipos contra incendios.<\/td>\n<td width=\"200\">M\u00e9todo interactivo de ense\u00f1anza.<\/td>\n<\/tr>\n<tr>\n<td width=\"199\">Rescate urbano I.<\/td>\n<td width=\"200\">Manejo de fauna.<\/td>\n<td width=\"200\">Salud e higiene integral para el bombero.<\/td>\n<\/tr>\n<tr>\n<td width=\"199\">Atenci\u00f3n Pre-hospitalaria B\u00e1sica.<\/td>\n<td width=\"200\">Rescate en estructuras colapsadas b\u00e1sico.<\/td>\n<td width=\"200\">Rescate de terrenos agrestes.<\/td>\n<\/tr>\n<tr>\n<td width=\"199\">Introducci\u00f3n a la gesti\u00f3n integral del riesgo.<\/td>\n<td width=\"200\">Rescate urbano II.<\/td>\n<td width=\"200\">Planeaci\u00f3n estrat\u00e9gica<\/td>\n<\/tr>\n<tr>\n<td width=\"199\"><strong>\u00a0<\/strong><\/td>\n<td width=\"200\"><\/td>\n<td width=\"200\"><\/td>\n<\/tr>\n<tr>\n<td width=\"199\"><center>\n<strong>VII<\/strong><\/center><\/td>\n<td width=\"200\"><center>\n<strong>VIII<\/strong><\/center><\/td>\n<td width=\"200\"><center>\n<strong>IX<\/strong><\/center><\/td>\n<\/tr>\n<tr>\n<td width=\"199\">Tecnolog\u00eda para el manejo de incidentes y centros de operaciones de emergencias.<\/td>\n<td width=\"200\">Investigaci\u00f3n de incendios.<\/td>\n<td width=\"200\">Rescate a\u00e9reo.<\/td>\n<\/tr>\n<tr>\n<td width=\"199\">Rescate acu\u00e1tico.<\/td>\n<td width=\"200\">Incendios forestales.<\/td>\n<td width=\"200\">Elaboraci\u00f3n de protocolos y procedimientos.<\/td>\n<\/tr>\n<tr>\n<td width=\"199\">Sistemas de comunicaci\u00f3n.<\/td>\n<td width=\"200\">Respuesta inicial a incidentes con materiales peligrosos.<\/td>\n<td width=\"200\">Incendios por electricidad.<\/td>\n<\/tr>\n<tr>\n<td width=\"199\">Rescate de estructuras elevadas.<\/td>\n<td width=\"200\">Log\u00edstica en el manejo de incidentes.<\/td>\n<td width=\"200\">Proyecto final.<\/td>\n<\/tr>\n<\/tbody>\n<\/table><\/div>\n\t\t\t\t\t\t\t\t\t<div class=\"elementor-tab-title elementor-tab-mobile-title\" aria-selected=\"false\" data-tab=\"3\" role=\"tab\" tabindex=\"-1\" aria-controls=\"elementor-tab-content-1513\" aria-expanded=\"false\">Solicitar Informaci\u00f3n<\/div>\n\t\t\t\t\t<div id=\"elementor-tab-content-1513\" class=\"elementor-tab-content elementor-clearfix\" data-tab=\"3\" role=\"tabpanel\" aria-labelledby=\"elementor-tab-title-1513\" tabindex=\"0\" hidden=\"hidden\"><div id=\"1\"><script src=\"https:\/\/cdnjs.cloudflare.com\/ajax\/libs\/jquery\/1.9.1\/jquery.min.js\" integrity=\"sha512-jGR1T3dQerLCSm\/IGEGbndPwzszJBlKQ5Br9vuB0Pw2iyxOy+7AK+lJcCC8eaXyz\/9du+bkCy4HXxByhxkHf+w==\" crossorigin=\"anonymous\" referrerpolicy=\"no-referrer\"><\/script><br \/><script type=\"text\/javascript\" src=\"https:\/\/cdnjs.cloudflare.com\/ajax\/libs\/jquery-validate\/1.19.3\/jquery.validate.js\"> <\/script><\/div><p><style>\n#formularioProspectus_8{<\/p>\n<p>    text-align: center;<br \/>\n    margin: 10% 10%;<br \/>\n    padding: 15px;<br \/>\n    width: 80%;<\/p>\n<p>}<\/p>\n<p>.pros_Etiqueta {<br \/>\n    width: 25%;<br \/>\n    float: left;<br \/>\n    text-align: left;<br \/>\n\tpadding: 10px;<\/p>\n<p>}<\/p>\n<p>.pros_Elemento {<br \/>\n    width: 74%;<br \/>\n    text-align: left;<br \/>\n\tpadding: 10px;<br \/>\n}<\/p>\n<p>.pros_Texto {<br \/>\n    width: 60%;<br \/>\n}<\/p>\n<p>.pros_Select {<br \/>\n    width: 60%;<br \/>\n}<br \/>\n<\/style><\/p><div id=\"formularioProspectus_17\">\u00a0<\/div><p><script type=\"text\/javascript\" src=\"https:\/\/unici.prospectus.com.mx\/Herramienta\/formularioPost?id=491983a061bd0017af076e974287533fdec99b6a75b3c2ad87ed9b58f7dcc054\"><\/script><\/p><\/div>\n\t\t\t\t\t\t\t<\/div>\n\t\t<\/div>\n\t\t\t\t\t\t<\/div>\n\t\t\t\t<\/div>\n\t\t\t\t\t<\/div>\n\t\t<\/div>\n\t\t\t\t\t<\/div>\n\t\t<\/section>\n\t\t\t\t<\/div>\n\t\t","protected":false},"excerpt":{"rendered":"<p>Licenciatura en Bombero RVOE 72\/2021Convenio de La Haya n\u00ba XII, desde el 5 de octubre de 1961, para Colombia Modalidad: Online Nivel Acad\u00e9mico:\u00a0 ProfesionalInicio de&hellip;<\/p>\n","protected":false},"author":2,"featured_media":0,"parent":0,"menu_order":0,"comment_status":"closed","ping_status":"closed","template":"","meta":{"footnotes":""},"class_list":["post-60","page","type-page","status-publish","hentry"],"_links":{"self":[{"href":"https:\/\/cinatworld.org\/unicinat\/wp-json\/wp\/v2\/pages\/60","targetHints":{"allow":["GET"]}}],"collection":[{"href":"https:\/\/cinatworld.org\/unicinat\/wp-json\/wp\/v2\/pages"}],"about":[{"href":"https:\/\/cinatworld.org\/unicinat\/wp-json\/wp\/v2\/types\/page"}],"author":[{"embeddable":true,"href":"https:\/\/cinatworld.org\/unicinat\/wp-json\/wp\/v2\/users\/2"}],"replies":[{"embeddable":true,"href":"https:\/\/cinatworld.org\/unicinat\/wp-json\/wp\/v2\/comments?post=60"}],"version-history":[{"count":49,"href":"https:\/\/cinatworld.org\/unicinat\/wp-json\/wp\/v2\/pages\/60\/revisions"}],"predecessor-version":[{"id":233,"href":"https:\/\/cinatworld.org\/unicinat\/wp-json\/wp\/v2\/pages\/60\/revisions\/233"}],"wp:attachment":[{"href":"https:\/\/cinatworld.org\/unicinat\/wp-json\/wp\/v2\/media?parent=60"}],"curies":[{"name":"wp","href":"https:\/\/api.w.org\/{rel}","templated":true}]}}