{"id":6,"date":"2022-12-09T01:15:07","date_gmt":"2022-12-09T01:15:07","guid":{"rendered":"https:\/\/cinatworld.org\/unicinat\/pagina-de-inicio\/"},"modified":"2022-12-12T05:32:11","modified_gmt":"2022-12-12T05:32:11","slug":"pagina-de-inicio","status":"publish","type":"page","link":"https:\/\/cinatworld.org\/unicinat\/","title":{"rendered":"Home"},"content":{"rendered":"\t\t<div data-elementor-type=\"wp-page\" data-elementor-id=\"6\" class=\"elementor elementor-6\">\n\t\t\t\t\t\t<section class=\"elementor-section elementor-top-section elementor-element elementor-element-eea3692 elementor-section-stretched elementor-section-boxed elementor-section-height-default elementor-section-height-default\" data-id=\"eea3692\" data-element_type=\"section\" data-e-type=\"section\" data-settings=\"{&quot;stretch_section&quot;:&quot;section-stretched&quot;}\">\n\t\t\t\t\t\t<div class=\"elementor-container elementor-column-gap-default\">\n\t\t\t\t\t<div class=\"elementor-column elementor-col-100 elementor-top-column elementor-element elementor-element-925d436\" data-id=\"925d436\" data-element_type=\"column\" data-e-type=\"column\">\n\t\t\t<div class=\"elementor-widget-wrap elementor-element-populated\">\n\t\t\t\t\t\t<div class=\"elementor-element elementor-element-23bf64b elementor-arrows-position-inside elementor-pagination-position-outside elementor-widget elementor-widget-image-carousel\" data-id=\"23bf64b\" data-element_type=\"widget\" data-e-type=\"widget\" data-settings=\"{&quot;slides_to_show&quot;:&quot;1&quot;,&quot;navigation&quot;:&quot;both&quot;,&quot;autoplay&quot;:&quot;yes&quot;,&quot;pause_on_hover&quot;:&quot;yes&quot;,&quot;pause_on_interaction&quot;:&quot;yes&quot;,&quot;autoplay_speed&quot;:5000,&quot;infinite&quot;:&quot;yes&quot;,&quot;effect&quot;:&quot;slide&quot;,&quot;speed&quot;:500}\" data-widget_type=\"image-carousel.default\">\n\t\t\t\t<div class=\"elementor-widget-container\">\n\t\t\t\t\t\t\t<div class=\"elementor-image-carousel-wrapper swiper\" role=\"region\" aria-roledescription=\"carousel\" aria-label=\"Carrusel de im\u00e1genes\" dir=\"ltr\">\n\t\t\t<div class=\"elementor-image-carousel swiper-wrapper\" aria-live=\"off\">\n\t\t\t\t\t\t\t\t<div class=\"swiper-slide\" role=\"group\" aria-roledescription=\"slide\" aria-label=\"1 de 1\"><figure class=\"swiper-slide-inner\"><img decoding=\"async\" class=\"swiper-slide-image\" src=\"https:\/\/cinatworld.org\/unicinat\/wp-content\/uploads\/2022\/12\/DSC03262-scaled.jpg\" alt=\"DSC03262\" \/><\/figure><\/div>\t\t\t<\/div>\n\t\t\t\t\t<\/div>\n\t\t\t\t\t\t<\/div>\n\t\t\t\t<\/div>\n\t\t\t\t\t<\/div>\n\t\t<\/div>\n\t\t\t\t\t<\/div>\n\t\t<\/section>\n\t\t\t\t<section class=\"elementor-section elementor-top-section elementor-element elementor-element-b22f911 elementor-section-boxed elementor-section-height-default elementor-section-height-default\" data-id=\"b22f911\" data-element_type=\"section\" data-e-type=\"section\">\n\t\t\t\t\t\t<div class=\"elementor-container elementor-column-gap-default\">\n\t\t\t\t\t<div class=\"elementor-column elementor-col-25 elementor-top-column elementor-element elementor-element-6cd4733\" data-id=\"6cd4733\" data-element_type=\"column\" data-e-type=\"column\">\n\t\t\t<div class=\"elementor-widget-wrap elementor-element-populated\">\n\t\t\t\t\t\t<div class=\"elementor-element elementor-element-41bf66f elementor-position-top elementor-widget elementor-widget-image-box\" data-id=\"41bf66f\" data-element_type=\"widget\" data-e-type=\"widget\" data-widget_type=\"image-box.default\">\n\t\t\t\t<div class=\"elementor-widget-container\">\n\t\t\t\t\t<div class=\"elementor-image-box-wrapper\"><figure class=\"elementor-image-box-img\"><a href=\"https:\/\/cinatworld.org\/unicinat\/oferta-academica\/\" tabindex=\"-1\"><img fetchpriority=\"high\" decoding=\"async\" width=\"1380\" height=\"920\" src=\"https:\/\/cinatworld.org\/unicinat\/wp-content\/uploads\/2022\/12\/ingeniero-sombrero-duro-trabajador-construccion-profesional-seguridad-trabajo-industria-edificio-persona-gerente-servicio_10541-902.webp\" class=\"attachment-full size-full wp-image-137\" alt=\"\" srcset=\"https:\/\/cinatworld.org\/unicinat\/wp-content\/uploads\/2022\/12\/ingeniero-sombrero-duro-trabajador-construccion-profesional-seguridad-trabajo-industria-edificio-persona-gerente-servicio_10541-902.webp 1380w, https:\/\/cinatworld.org\/unicinat\/wp-content\/uploads\/2022\/12\/ingeniero-sombrero-duro-trabajador-construccion-profesional-seguridad-trabajo-industria-edificio-persona-gerente-servicio_10541-902-300x200.webp 300w, https:\/\/cinatworld.org\/unicinat\/wp-content\/uploads\/2022\/12\/ingeniero-sombrero-duro-trabajador-construccion-profesional-seguridad-trabajo-industria-edificio-persona-gerente-servicio_10541-902-1024x683.webp 1024w, https:\/\/cinatworld.org\/unicinat\/wp-content\/uploads\/2022\/12\/ingeniero-sombrero-duro-trabajador-construccion-profesional-seguridad-trabajo-industria-edificio-persona-gerente-servicio_10541-902-768x512.webp 768w\" sizes=\"(max-width: 1380px) 100vw, 1380px\" \/><\/a><\/figure><div class=\"elementor-image-box-content\"><h3 class=\"elementor-image-box-title\"><a href=\"https:\/\/cinatworld.org\/unicinat\/oferta-academica\/\">Licenciaturas<\/a><\/h3><p class=\"elementor-image-box-description\">En la actualidad el mundo laboral se est\u00e1 transformando y estudiar una carrera profesional te permite explorar el campo competitivo, y abrirse a mejores oportunidades laborales. En La UNICINAT te formamos desde el VALOR de SER.<\/p><\/div><\/div>\t\t\t\t<\/div>\n\t\t\t\t<\/div>\n\t\t\t\t<div class=\"elementor-element elementor-element-89645a7 elementor-align-center elementor-widget elementor-widget-button\" data-id=\"89645a7\" data-element_type=\"widget\" data-e-type=\"widget\" data-widget_type=\"button.default\">\n\t\t\t\t<div class=\"elementor-widget-container\">\n\t\t\t\t\t\t\t\t\t<div class=\"elementor-button-wrapper\">\n\t\t\t\t\t<a class=\"elementor-button elementor-button-link elementor-size-sm\" href=\"https:\/\/cinatworld.org\/unicinat\/oferta-academica\/\">\n\t\t\t\t\t\t<span class=\"elementor-button-content-wrapper\">\n\t\t\t\t\t\t\t\t\t<span class=\"elementor-button-text\">Ver Oferta Acad\u00e9mica<\/span>\n\t\t\t\t\t<\/span>\n\t\t\t\t\t<\/a>\n\t\t\t\t<\/div>\n\t\t\t\t\t\t\t\t<\/div>\n\t\t\t\t<\/div>\n\t\t\t\t\t<\/div>\n\t\t<\/div>\n\t\t\t\t<div class=\"elementor-column elementor-col-25 elementor-top-column elementor-element elementor-element-a17e928\" data-id=\"a17e928\" data-element_type=\"column\" data-e-type=\"column\">\n\t\t\t<div class=\"elementor-widget-wrap elementor-element-populated\">\n\t\t\t\t\t\t<div class=\"elementor-element elementor-element-13c03c1 elementor-position-top elementor-widget elementor-widget-image-box\" data-id=\"13c03c1\" data-element_type=\"widget\" data-e-type=\"widget\" data-widget_type=\"image-box.default\">\n\t\t\t\t<div class=\"elementor-widget-container\">\n\t\t\t\t\t<div class=\"elementor-image-box-wrapper\"><figure class=\"elementor-image-box-img\"><a href=\"https:\/\/cinatworld.org\/unicinat\/oferta-academica\/\" tabindex=\"-1\"><img decoding=\"async\" width=\"2560\" height=\"1709\" src=\"https:\/\/cinatworld.org\/unicinat\/wp-content\/uploads\/2022\/12\/young-employees-sitting-in-the-office-at-the-table-and-using-laptop-team-work-brainstorming-meeting-concept-scaled.jpg\" class=\"attachment-full size-full wp-image-175\" alt=\"\" srcset=\"https:\/\/cinatworld.org\/unicinat\/wp-content\/uploads\/2022\/12\/young-employees-sitting-in-the-office-at-the-table-and-using-laptop-team-work-brainstorming-meeting-concept-scaled.jpg 2560w, https:\/\/cinatworld.org\/unicinat\/wp-content\/uploads\/2022\/12\/young-employees-sitting-in-the-office-at-the-table-and-using-laptop-team-work-brainstorming-meeting-concept-300x200.jpg 300w, https:\/\/cinatworld.org\/unicinat\/wp-content\/uploads\/2022\/12\/young-employees-sitting-in-the-office-at-the-table-and-using-laptop-team-work-brainstorming-meeting-concept-1024x683.jpg 1024w, https:\/\/cinatworld.org\/unicinat\/wp-content\/uploads\/2022\/12\/young-employees-sitting-in-the-office-at-the-table-and-using-laptop-team-work-brainstorming-meeting-concept-768x513.jpg 768w, https:\/\/cinatworld.org\/unicinat\/wp-content\/uploads\/2022\/12\/young-employees-sitting-in-the-office-at-the-table-and-using-laptop-team-work-brainstorming-meeting-concept-1536x1025.jpg 1536w, https:\/\/cinatworld.org\/unicinat\/wp-content\/uploads\/2022\/12\/young-employees-sitting-in-the-office-at-the-table-and-using-laptop-team-work-brainstorming-meeting-concept-2048x1367.jpg 2048w\" sizes=\"(max-width: 2560px) 100vw, 2560px\" \/><\/a><\/figure><div class=\"elementor-image-box-content\"><h3 class=\"elementor-image-box-title\"><a href=\"https:\/\/cinatworld.org\/unicinat\/oferta-academica\/\">Maestr\u00eda<\/a><\/h3><p class=\"elementor-image-box-description\">Se un L\u00cdDER con la capacidad de GESTI\u00d3N y estudia un posgrado que te permita adquirir mayores habilidades, desarrollar un pensamiento CR\u00cdTICO. En La UNICINAT formamos personas que tengan CORAZ\u00d3N, pasi\u00f3n por lo que hacen.<\/p><\/div><\/div>\t\t\t\t<\/div>\n\t\t\t\t<\/div>\n\t\t\t\t<div class=\"elementor-element elementor-element-8d2b1fc elementor-align-center elementor-widget elementor-widget-button\" data-id=\"8d2b1fc\" data-element_type=\"widget\" data-e-type=\"widget\" data-widget_type=\"button.default\">\n\t\t\t\t<div class=\"elementor-widget-container\">\n\t\t\t\t\t\t\t\t\t<div class=\"elementor-button-wrapper\">\n\t\t\t\t\t<a class=\"elementor-button elementor-button-link elementor-size-sm\" href=\"https:\/\/cinatworld.org\/unicinat\/oferta-academica\/\">\n\t\t\t\t\t\t<span class=\"elementor-button-content-wrapper\">\n\t\t\t\t\t\t\t\t\t<span class=\"elementor-button-text\">Ver Oferta Acad\u00e9mica <\/span>\n\t\t\t\t\t<\/span>\n\t\t\t\t\t<\/a>\n\t\t\t\t<\/div>\n\t\t\t\t\t\t\t\t<\/div>\n\t\t\t\t<\/div>\n\t\t\t\t\t<\/div>\n\t\t<\/div>\n\t\t\t\t<div class=\"elementor-column elementor-col-25 elementor-top-column elementor-element elementor-element-d8eee56\" data-id=\"d8eee56\" data-element_type=\"column\" data-e-type=\"column\">\n\t\t\t<div class=\"elementor-widget-wrap elementor-element-populated\">\n\t\t\t\t\t\t<div class=\"elementor-element elementor-element-0a23959 elementor-position-top elementor-widget elementor-widget-image-box\" data-id=\"0a23959\" data-element_type=\"widget\" data-e-type=\"widget\" data-widget_type=\"image-box.default\">\n\t\t\t\t<div class=\"elementor-widget-container\">\n\t\t\t\t\t<div class=\"elementor-image-box-wrapper\"><figure class=\"elementor-image-box-img\"><a href=\"https:\/\/cinatworld.org\/unicinat\/oferta-academica\/\" tabindex=\"-1\"><img decoding=\"async\" width=\"2560\" height=\"1707\" src=\"https:\/\/cinatworld.org\/unicinat\/wp-content\/uploads\/2022\/12\/how-is-your-deals-group-of-people-at-business-conference-in-modern-classroom-at-daytime-scaled.jpg\" class=\"attachment-full size-full wp-image-174\" alt=\"\" srcset=\"https:\/\/cinatworld.org\/unicinat\/wp-content\/uploads\/2022\/12\/how-is-your-deals-group-of-people-at-business-conference-in-modern-classroom-at-daytime-scaled.jpg 2560w, https:\/\/cinatworld.org\/unicinat\/wp-content\/uploads\/2022\/12\/how-is-your-deals-group-of-people-at-business-conference-in-modern-classroom-at-daytime-300x200.jpg 300w, https:\/\/cinatworld.org\/unicinat\/wp-content\/uploads\/2022\/12\/how-is-your-deals-group-of-people-at-business-conference-in-modern-classroom-at-daytime-1024x683.jpg 1024w, https:\/\/cinatworld.org\/unicinat\/wp-content\/uploads\/2022\/12\/how-is-your-deals-group-of-people-at-business-conference-in-modern-classroom-at-daytime-768x512.jpg 768w, https:\/\/cinatworld.org\/unicinat\/wp-content\/uploads\/2022\/12\/how-is-your-deals-group-of-people-at-business-conference-in-modern-classroom-at-daytime-1536x1024.jpg 1536w, https:\/\/cinatworld.org\/unicinat\/wp-content\/uploads\/2022\/12\/how-is-your-deals-group-of-people-at-business-conference-in-modern-classroom-at-daytime-2048x1365.jpg 2048w\" sizes=\"(max-width: 2560px) 100vw, 2560px\" \/><\/a><\/figure><div class=\"elementor-image-box-content\"><h3 class=\"elementor-image-box-title\"><a href=\"https:\/\/cinatworld.org\/unicinat\/oferta-academica\/\">Doctorado<\/a><\/h3><p class=\"elementor-image-box-description\">El Doctorado te permitir\u00e1 ejercer un liderazgo cient\u00edfico fortaleciendo tus conocimientos investigativos <\/p><\/div><\/div>\t\t\t\t<\/div>\n\t\t\t\t<\/div>\n\t\t\t\t<div class=\"elementor-element elementor-element-39ceeba elementor-widget elementor-widget-spacer\" data-id=\"39ceeba\" data-element_type=\"widget\" data-e-type=\"widget\" data-widget_type=\"spacer.default\">\n\t\t\t\t<div class=\"elementor-widget-container\">\n\t\t\t\t\t\t\t<div class=\"elementor-spacer\">\n\t\t\t<div class=\"elementor-spacer-inner\"><\/div>\n\t\t<\/div>\n\t\t\t\t\t\t<\/div>\n\t\t\t\t<\/div>\n\t\t\t\t<div class=\"elementor-element elementor-element-9d73405 elementor-align-center elementor-widget elementor-widget-button\" data-id=\"9d73405\" data-element_type=\"widget\" data-e-type=\"widget\" data-widget_type=\"button.default\">\n\t\t\t\t<div class=\"elementor-widget-container\">\n\t\t\t\t\t\t\t\t\t<div class=\"elementor-button-wrapper\">\n\t\t\t\t\t<a class=\"elementor-button elementor-button-link elementor-size-sm\" href=\"https:\/\/cinatworld.org\/unicinat\/oferta-academica\/\">\n\t\t\t\t\t\t<span class=\"elementor-button-content-wrapper\">\n\t\t\t\t\t\t\t\t\t<span class=\"elementor-button-text\">Ver Oferta Acad\u00e9mica <\/span>\n\t\t\t\t\t<\/span>\n\t\t\t\t\t<\/a>\n\t\t\t\t<\/div>\n\t\t\t\t\t\t\t\t<\/div>\n\t\t\t\t<\/div>\n\t\t\t\t\t<\/div>\n\t\t<\/div>\n\t\t\t\t<div class=\"elementor-column elementor-col-25 elementor-top-column elementor-element elementor-element-5534f0e\" data-id=\"5534f0e\" data-element_type=\"column\" data-e-type=\"column\">\n\t\t\t<div class=\"elementor-widget-wrap\">\n\t\t\t\t\t\t\t<\/div>\n\t\t<\/div>\n\t\t\t\t\t<\/div>\n\t\t<\/section>\n\t\t\t\t<\/div>\n\t\t","protected":false},"excerpt":{"rendered":"<p>Licenciaturas En la actualidad el mundo laboral se est\u00e1 transformando y estudiar una carrera profesional te permite explorar el campo competitivo, y abrirse a mejores&hellip;<\/p>\n","protected":false},"author":2,"featured_media":0,"parent":0,"menu_order":0,"comment_status":"closed","ping_status":"closed","template":"elementor_header_footer","meta":{"footnotes":""},"class_list":["post-6","page","type-page","status-publish","hentry"],"_links":{"self":[{"href":"https:\/\/cinatworld.org\/unicinat\/wp-json\/wp\/v2\/pages\/6","targetHints":{"allow":["GET"]}}],"collection":[{"href":"https:\/\/cinatworld.org\/unicinat\/wp-json\/wp\/v2\/pages"}],"about":[{"href":"https:\/\/cinatworld.org\/unicinat\/wp-json\/wp\/v2\/types\/page"}],"author":[{"embeddable":true,"href":"https:\/\/cinatworld.org\/unicinat\/wp-json\/wp\/v2\/users\/2"}],"replies":[{"embeddable":true,"href":"https:\/\/cinatworld.org\/unicinat\/wp-json\/wp\/v2\/comments?post=6"}],"version-history":[{"count":23,"href":"https:\/\/cinatworld.org\/unicinat\/wp-json\/wp\/v2\/pages\/6\/revisions"}],"predecessor-version":[{"id":216,"href":"https:\/\/cinatworld.org\/unicinat\/wp-json\/wp\/v2\/pages\/6\/revisions\/216"}],"wp:attachment":[{"href":"https:\/\/cinatworld.org\/unicinat\/wp-json\/wp\/v2\/media?parent=6"}],"curies":[{"name":"wp","href":"https:\/\/api.w.org\/{rel}","templated":true}]}}