{"id":131,"date":"2022-12-11T02:44:27","date_gmt":"2022-12-11T02:44:27","guid":{"rendered":"https:\/\/cinatworld.org\/unicinat\/?page_id=131"},"modified":"2022-12-27T19:33:56","modified_gmt":"2022-12-27T19:33:56","slug":"maestria-en-proteccion-civil-y-gestion-de-emergencias","status":"publish","type":"page","link":"https:\/\/cinatworld.org\/unicinat\/maestria-en-proteccion-civil-y-gestion-de-emergencias\/","title":{"rendered":"Maestr\u00eda en Protecci\u00f3n Civil y Gesti\u00f3n de Emergencias"},"content":{"rendered":"\t\t<div data-elementor-type=\"wp-page\" data-elementor-id=\"131\" class=\"elementor elementor-131\">\n\t\t\t\t\t\t<section class=\"elementor-section elementor-top-section elementor-element elementor-element-34c663b8 elementor-section-stretched elementor-section-boxed elementor-section-height-default elementor-section-height-default\" data-id=\"34c663b8\" data-element_type=\"section\" data-e-type=\"section\" data-settings=\"{&quot;stretch_section&quot;:&quot;section-stretched&quot;,&quot;background_background&quot;:&quot;classic&quot;}\">\n\t\t\t\t\t\t\t<div class=\"elementor-background-overlay\"><\/div>\n\t\t\t\t\t\t\t<div class=\"elementor-container elementor-column-gap-default\">\n\t\t\t\t\t<div class=\"elementor-column elementor-col-100 elementor-top-column elementor-element elementor-element-487dc785\" data-id=\"487dc785\" data-element_type=\"column\" data-e-type=\"column\">\n\t\t\t<div class=\"elementor-widget-wrap elementor-element-populated\">\n\t\t\t\t\t\t<div class=\"elementor-element elementor-element-5810030e elementor-widget elementor-widget-spacer\" data-id=\"5810030e\" data-element_type=\"widget\" data-e-type=\"widget\" data-widget_type=\"spacer.default\">\n\t\t\t\t<div class=\"elementor-widget-container\">\n\t\t\t\t\t\t\t<div class=\"elementor-spacer\">\n\t\t\t<div class=\"elementor-spacer-inner\"><\/div>\n\t\t<\/div>\n\t\t\t\t\t\t<\/div>\n\t\t\t\t<\/div>\n\t\t\t\t<div class=\"elementor-element elementor-element-24549bf9 elementor-widget elementor-widget-heading\" data-id=\"24549bf9\" data-element_type=\"widget\" data-e-type=\"widget\" data-widget_type=\"heading.default\">\n\t\t\t\t<div class=\"elementor-widget-container\">\n\t\t\t\t\t<h2 class=\"elementor-heading-title elementor-size-default\">Maestr\u00eda en Protecci\u00f3n Civil y Gesti\u00f3n de Emergencias<\/h2>\t\t\t\t<\/div>\n\t\t\t\t<\/div>\n\t\t\t\t<div class=\"elementor-element elementor-element-5f01cd25 elementor-widget elementor-widget-heading\" data-id=\"5f01cd25\" data-element_type=\"widget\" data-e-type=\"widget\" data-widget_type=\"heading.default\">\n\t\t\t\t<div class=\"elementor-widget-container\">\n\t\t\t\t\t<h2 class=\"elementor-heading-title elementor-size-default\">RVOE 103\/2013<br><b><span style=\"font-family: Roboto, Arial;font-size: 18px;text-indent: 20px\">Convenio de La Haya n\u00ba XII, desde el 5 de octubre de 1961, para Colombia<\/span><\/b><\/h2>\t\t\t\t<\/div>\n\t\t\t\t<\/div>\n\t\t\t\t<div class=\"elementor-element elementor-element-552b7119 elementor-widget elementor-widget-spacer\" data-id=\"552b7119\" data-element_type=\"widget\" data-e-type=\"widget\" data-widget_type=\"spacer.default\">\n\t\t\t\t<div class=\"elementor-widget-container\">\n\t\t\t\t\t\t\t<div class=\"elementor-spacer\">\n\t\t\t<div class=\"elementor-spacer-inner\"><\/div>\n\t\t<\/div>\n\t\t\t\t\t\t<\/div>\n\t\t\t\t<\/div>\n\t\t\t\t\t<\/div>\n\t\t<\/div>\n\t\t\t\t\t<\/div>\n\t\t<\/section>\n\t\t\t\t<section class=\"elementor-section elementor-top-section elementor-element elementor-element-54a495d elementor-section-boxed elementor-section-height-default elementor-section-height-default\" data-id=\"54a495d\" data-element_type=\"section\" data-e-type=\"section\" data-settings=\"{&quot;background_background&quot;:&quot;classic&quot;}\">\n\t\t\t\t\t\t<div class=\"elementor-container elementor-column-gap-default\">\n\t\t\t\t\t<div class=\"elementor-column elementor-col-50 elementor-top-column elementor-element elementor-element-4e6bf358\" data-id=\"4e6bf358\" data-element_type=\"column\" data-e-type=\"column\">\n\t\t\t<div class=\"elementor-widget-wrap elementor-element-populated\">\n\t\t\t\t\t\t<div class=\"elementor-element elementor-element-7ca8bd64 elementor-widget elementor-widget-text-editor\" data-id=\"7ca8bd64\" data-element_type=\"widget\" data-e-type=\"widget\" data-widget_type=\"text-editor.default\">\n\t\t\t\t<div class=\"elementor-widget-container\">\n\t\t\t\t\t\t\t\t\t<strong style=\"color: #fc7e02;\">Modalidad:<\/strong> Online\n<br>\n<strong style=\"font-family: var( --e-global-typography-text-font-family ), Sans-serif; color: #fc7e02;\">Nivel Acad\u00e9mico:<\/strong><span style=\"color: var( --e-global-color-text ); font-family: var( --e-global-typography-text-font-family ), Sans-serif; font-weight: var( --e-global-typography-text-font-weight );\">\u00a0Maestr\u00eda<\/span>\t\t\t\t\t\t\t\t<\/div>\n\t\t\t\t<\/div>\n\t\t\t\t\t<\/div>\n\t\t<\/div>\n\t\t\t\t<div class=\"elementor-column elementor-col-50 elementor-top-column elementor-element elementor-element-2e99eefd\" data-id=\"2e99eefd\" data-element_type=\"column\" data-e-type=\"column\">\n\t\t\t<div class=\"elementor-widget-wrap elementor-element-populated\">\n\t\t\t\t\t\t<div class=\"elementor-element elementor-element-351e8806 elementor-widget elementor-widget-text-editor\" data-id=\"351e8806\" data-element_type=\"widget\" data-e-type=\"widget\" data-widget_type=\"text-editor.default\">\n\t\t\t\t<div class=\"elementor-widget-container\">\n\t\t\t\t\t\t\t\t\t<p><strong style=\"color: #fc7e02;\">Duraci\u00f3n:<\/strong> 4 Cutrimestres (1 a\u00f1o y medio)<\/p>\t\t\t\t\t\t\t\t<\/div>\n\t\t\t\t<\/div>\n\t\t\t\t\t<\/div>\n\t\t<\/div>\n\t\t\t\t\t<\/div>\n\t\t<\/section>\n\t\t\t\t<section class=\"elementor-section elementor-top-section elementor-element elementor-element-20cd24a4 elementor-section-stretched elementor-section-boxed elementor-section-height-default elementor-section-height-default\" data-id=\"20cd24a4\" data-element_type=\"section\" data-e-type=\"section\" data-settings=\"{&quot;stretch_section&quot;:&quot;section-stretched&quot;}\">\n\t\t\t\t\t\t<div class=\"elementor-container elementor-column-gap-default\">\n\t\t\t\t\t<div class=\"elementor-column elementor-col-100 elementor-top-column elementor-element elementor-element-6fa849ba\" data-id=\"6fa849ba\" data-element_type=\"column\" data-e-type=\"column\">\n\t\t\t<div class=\"elementor-widget-wrap elementor-element-populated\">\n\t\t\t\t\t\t<div class=\"elementor-element elementor-element-4883eccf elementor-tabs-view-horizontal elementor-widget elementor-widget-tabs\" data-id=\"4883eccf\" data-element_type=\"widget\" data-e-type=\"widget\" data-widget_type=\"tabs.default\">\n\t\t\t\t<div class=\"elementor-widget-container\">\n\t\t\t\t\t\t\t<div class=\"elementor-tabs\">\n\t\t\t<div class=\"elementor-tabs-wrapper\" role=\"tablist\" >\n\t\t\t\t\t\t\t\t\t<div id=\"elementor-tab-title-1211\" class=\"elementor-tab-title elementor-tab-desktop-title\" aria-selected=\"true\" data-tab=\"1\" role=\"tab\" tabindex=\"0\" aria-controls=\"elementor-tab-content-1211\" aria-expanded=\"false\">Acerca de <\/div>\n\t\t\t\t\t\t\t\t\t<div id=\"elementor-tab-title-1212\" class=\"elementor-tab-title elementor-tab-desktop-title\" aria-selected=\"false\" data-tab=\"2\" role=\"tab\" tabindex=\"-1\" aria-controls=\"elementor-tab-content-1212\" aria-expanded=\"false\">Plan de estudios<\/div>\n\t\t\t\t\t\t\t\t\t<div id=\"elementor-tab-title-1213\" class=\"elementor-tab-title elementor-tab-desktop-title\" aria-selected=\"false\" data-tab=\"3\" role=\"tab\" tabindex=\"-1\" aria-controls=\"elementor-tab-content-1213\" aria-expanded=\"false\">Solicitar Informaci\u00f3n<\/div>\n\t\t\t\t\t\t\t<\/div>\n\t\t\t<div class=\"elementor-tabs-content-wrapper\" role=\"tablist\" aria-orientation=\"vertical\">\n\t\t\t\t\t\t\t\t\t<div class=\"elementor-tab-title elementor-tab-mobile-title\" aria-selected=\"true\" data-tab=\"1\" role=\"tab\" tabindex=\"0\" aria-controls=\"elementor-tab-content-1211\" aria-expanded=\"false\">Acerca de <\/div>\n\t\t\t\t\t<div id=\"elementor-tab-content-1211\" class=\"elementor-tab-content elementor-clearfix\" data-tab=\"1\" role=\"tabpanel\" aria-labelledby=\"elementor-tab-title-1211\" tabindex=\"0\" hidden=\"false\"><h1><img fetchpriority=\"high\" decoding=\"async\" class=\"alignnone size-full wp-image-166\" src=\"https:\/\/cinatworld.org\/unicinat\/wp-content\/uploads\/2022\/12\/busqueda-y-rescate.jpg\" alt=\"\" width=\"1208\" height=\"803\" srcset=\"https:\/\/cinatworld.org\/unicinat\/wp-content\/uploads\/2022\/12\/busqueda-y-rescate.jpg 1208w, https:\/\/cinatworld.org\/unicinat\/wp-content\/uploads\/2022\/12\/busqueda-y-rescate-300x199.jpg 300w, https:\/\/cinatworld.org\/unicinat\/wp-content\/uploads\/2022\/12\/busqueda-y-rescate-1024x681.jpg 1024w, https:\/\/cinatworld.org\/unicinat\/wp-content\/uploads\/2022\/12\/busqueda-y-rescate-768x511.jpg 768w\" sizes=\"(max-width: 1208px) 100vw, 1208px\" \/><\/h1><p class=\"CDt4Ke zfr3Q\" dir=\"ltr\" style=\"color: #000000;\"><strong>\u00bfPORQU\u00c9 PROTECCI\u00d3N CIVIL?<\/strong>\u00a0En la mayor\u00eda de los pa\u00edses, las organizaciones e instituciones gubernamentales, con temas relacionados a la Gesti\u00f3n Integral del Riesgo para Desastres, Son llamadas PROTECCI\u00d3N CIVIL, por tal raz\u00f3n la importancia del manejo del lenguaje gen\u00e9rico para el conocimiento internacional .<\/p><p class=\"CDt4Ke zfr3Q\" dir=\"ltr\" style=\"color: #000000;\"><strong>Gesti\u00f3n de Emergencias<\/strong>, ya que la preparaci\u00f3n de nuestros estudiantes tienen como filosof\u00eda el Conocimiento, Reducci\u00f3n del Riesgo y el Manejo del Desastre, se pretende reducir la vulnerabilidad de la poblaci\u00f3n y se pasa ha atender la Emergencia generada.<\/p><p class=\"CDt4Ke zfr3Q\" dir=\"ltr\" style=\"color: #000000;\">La formaci\u00f3n de\u00a0<strong>MAESTROS<\/strong>\u00a0capaces de participar activamente en el dise\u00f1o, implementaci\u00f3n, coordinaci\u00f3n, evaluaci\u00f3n de planes, asesor\u00eda para tomadores de decisi\u00f3n y programas de Gesti\u00f3n del Riesgo de Desastres\u00a0y\u00a0as\u00ed como gestionar los recursos necesarios que permitan estabilizar a la sociedad en su conjunto, para ser m\u00e1s resilientes en el menor tiempo posible ante situaciones de emergencia o eventos naturales adversos.<\/p><h2 dir=\"ltr\" style=\"color: #fc7e02;\">Objetivos Especificos:<\/h2><ul><li class=\"CDt4Ke zfr3Q\" dir=\"ltr\" style=\"outline: none; position: relative; text-decoration: inherit; font-size: 11pt; font-style: inherit; line-height: 1.6667; text-align: justify; white-space: normal;\"><span style=\"color: #000000; font-family: Arial; font-size: 14pt; font-variant-ligatures: normal; font-variant-numeric: normal; font-variant-east-asian: normal; vertical-align: baseline;\">Generar estrategias de organizaci\u00f3n y coordinaci\u00f3n entre los sectores p\u00fablico, social y productivo, para la reducci\u00f3n de riesgos; as\u00ed como pol\u00edticas p\u00fablicas en su campo laboral, con base en el marco jur\u00eddico y lineamientos internacionales para un desarrollo sustentable.<\/span><\/li><li class=\"CDt4Ke zfr3Q\" dir=\"ltr\" style=\"outline: none; position: relative; text-decoration: inherit; font-size: 11pt; font-style: inherit; line-height: 1.6667; text-align: justify; white-space: normal;\"><span style=\"color: #000000; font-family: Arial; font-size: 14pt; vertical-align: baseline;\">Dise\u00f1ar y ejecutar proyectos de investigaci\u00f3n en materia de Seguridad Laboral, Protecci\u00f3n Civil y Emergencias, que integren una clara visi\u00f3n del contexto socioecon\u00f3mico y cultural, con la participaci\u00f3n de los involucrados.<\/span><\/li><li class=\"CDt4Ke zfr3Q\" dir=\"ltr\" style=\"outline: none; position: relative; text-decoration: inherit; font-size: 11pt; font-style: inherit; line-height: 1.6667; text-align: justify; white-space: normal;\"><span style=\"color: #000000; font-family: Arial; font-size: 14pt; vertical-align: baseline;\">Incentivar y desarrollar en el trabajo colaborativo inter, multi y transdisciplinario <\/span><\/li><li class=\"CDt4Ke zfr3Q\" dir=\"ltr\" style=\"outline: none; position: relative; text-decoration: inherit; font-size: 11pt; font-style: inherit; line-height: 1.6667; text-align: justify; white-space: normal;\"><span style=\"color: #000000; font-family: Arial; font-size: 14pt; vertical-align: baseline;\">Integrar y participar en organizaciones colegiadas y civiles para la mejora de la profesi\u00f3n y del campo laboral. <\/span><\/li><li class=\"CDt4Ke zfr3Q\" dir=\"ltr\" style=\"outline: none; position: relative; text-decoration: inherit; font-size: 11pt; font-style: inherit; line-height: 1.6667; text-align: justify; white-space: normal;\"><span style=\"color: #000000; font-family: Arial; font-size: 14pt; vertical-align: baseline;\">Realizar su quehacer profesional fundamentado en valores \u00e9ticos, legales, culturales y humanitarios. <\/span><\/li><\/ul><div class=\"oKdM2c ZZyype Kzv0Me\"><div id=\"h.59fddc262f695905_30\" class=\"hJDwNd-AhqUyc-OwsYgb Ft7HRd-AhqUyc-OwsYgb jXK9ad D2fZ2 zu5uec OjCsFc dmUFtb JYTMs\"><div class=\"jXK9ad-SmKAyb\"><div class=\"tyJCtd mGzaTb Depvyb baZpAe\"><h2 class=\"CjVfdc\" style=\"color: #10354b;\">\u00bfPor qu\u00e9 hacer la maestr\u00eda?<\/h2><\/div><\/div><\/div><\/div><div class=\"oKdM2c ZZyype\"><div id=\"h.59fddc262f695905_32\" class=\"hJDwNd-AhqUyc-OwsYgb Ft7HRd-AhqUyc-OwsYgb jXK9ad D2fZ2 zu5uec wHaque g5GTcb JYTMs\"><div class=\"jXK9ad-SmKAyb\"><div class=\"tyJCtd mGzaTb Depvyb baZpAe\"><p class=\"CDt4Ke zfr3Q\" dir=\"ltr\" style=\"color: #000000;\">Porque el mundo necesita m\u00e1s investigadores, maestros que difundan sus conocimientos, personas apasionadas por su trabajo, que su enfoque es salvar vidas y volver comunidades m\u00e1s resilientes y menos vulnerables, el Profesionales, se encuentra en un mundo es competitivo , constantemente cambiante y se actualiza todo el tiempo, gracias a la academia que genera nuevas investigaciones cient\u00edficas, tecnol\u00f3gicas, nuevas t\u00e9cnicas, normas, protocolos, etc.<\/p><p class=\"CDt4Ke zfr3Q\" dir=\"ltr\" style=\"color: #000000;\">La forma m\u00e1s efectiva de sentir y reconocer el avance profesional es aprendiendo de nuestras propias competencias y sobre todo aprender de la experiencia de nuestros docentes y compa\u00f1eros de estudio.<\/p><\/div><\/div><\/div><\/div><\/div>\n\t\t\t\t\t\t\t\t\t<div class=\"elementor-tab-title elementor-tab-mobile-title\" aria-selected=\"false\" data-tab=\"2\" role=\"tab\" tabindex=\"-1\" aria-controls=\"elementor-tab-content-1212\" aria-expanded=\"false\">Plan de estudios<\/div>\n\t\t\t\t\t<div id=\"elementor-tab-content-1212\" class=\"elementor-tab-content elementor-clearfix\" data-tab=\"2\" role=\"tabpanel\" aria-labelledby=\"elementor-tab-title-1212\" tabindex=\"0\" hidden=\"hidden\"><table>\n<tbody>\n<tr>\n<td width=\"294\">\n<center>\n<strong>I<\/strong>\n<\/center>\n<\/td>\n<td width=\"294\"><center>\n<strong>II<\/strong>\n<\/center>\n<\/td>\n<\/tr>\n<tr>\n<td width=\"294\">Fundamentos de la Protecci\u00f3n Civil<\/td>\n<td width=\"294\">Refugios Temporales y Legislaci\u00f3n<\/td>\n<\/tr>\n<tr>\n<td width=\"294\">Agentes Perturbadores<\/td>\n<td width=\"294\">Brigadas de Salvamento<\/td>\n<\/tr>\n<tr>\n<td width=\"294\">Mapas de Riesgo I<\/td>\n<td width=\"294\">Mapas de Riesgo II<\/td>\n<\/tr>\n<tr>\n<td width=\"294\">Dise\u00f1o de Planes de Protecci\u00f3n Civil<\/td>\n<td width=\"294\">Estad\u00edstica<\/td>\n<\/tr>\n<tr>\n<td width=\"294\"><center>\n<strong>III<\/strong>\n<\/center>\n<\/td>\n<td width=\"294\"><center>\n<strong>IV<\/strong>\n<\/center>\n<\/td>\n<\/tr>\n<tr>\n<td width=\"294\">Comunicaci\u00f3n Social en Caso de Emergencias<\/td>\n<td width=\"294\">Reglas de Operaci\u00f3n para Fondos de Desastres<\/td>\n<\/tr>\n<tr>\n<td width=\"294\">Gesti\u00f3n de Emergencias I<\/td>\n<td width=\"294\">Organismos Reguladores<\/td>\n<\/tr>\n<tr>\n<td width=\"294\">Programas Internos de Protecci\u00f3n Civil<\/td>\n<td width=\"294\">Gesti\u00f3n de Emergencias II<\/td>\n<\/tr>\n<tr>\n<td width=\"294\">Seminario de Tesis I<\/td>\n<td width=\"294\">Seminario de Tesis II<\/td>\n<\/tr>\n<\/tbody>\n<\/table><\/div>\n\t\t\t\t\t\t\t\t\t<div class=\"elementor-tab-title elementor-tab-mobile-title\" aria-selected=\"false\" data-tab=\"3\" role=\"tab\" tabindex=\"-1\" aria-controls=\"elementor-tab-content-1213\" aria-expanded=\"false\">Solicitar Informaci\u00f3n<\/div>\n\t\t\t\t\t<div id=\"elementor-tab-content-1213\" class=\"elementor-tab-content elementor-clearfix\" data-tab=\"3\" role=\"tabpanel\" aria-labelledby=\"elementor-tab-title-1213\" tabindex=\"0\" hidden=\"hidden\"><div id=\"1\">\n      <script src=\"https:\/\/cdnjs.cloudflare.com\/ajax\/libs\/jquery\/1.9.1\/jquery.min.js\" \nintegrity=\"sha512-jGR1T3dQerLCSm\/IGEGbndPwzszJBlKQ5Br9vuB0Pw2iyxOy+7AK+lJcCC8eaXyz\/9du+bkCy4HXxByhxkHf+w==\" crossorigin=\"anonymous\" referrerpolicy=\"no-referrer\"><\/script>\n<script type=\"text\/javascript\" src=\"https:\/\/cdnjs.cloudflare.com\/ajax\/libs\/jquery-validate\/1.19.3\/jquery.validate.js\"> <\/script>\n<\/div>\n<style>\n#formularioProspectus_8{\n\n    text-align: center;\n    margin: 10% 10%;\n    padding: 15px;\n    width: 80%;\n\n}\n\n\n.pros_Etiqueta {\n    width: 25%;\n    float: left;\n    text-align: left;\n\tpadding: 10px;\n\t\n}\n\n.pros_Elemento {\n    width: 74%;\n    text-align: left;\n\tpadding: 10px;\n}\n\n.pros_Texto {\n    width: 60%;\n}\n\n.pros_Select {\n    width: 60%;\n}\n<\/style>\n<div id='formularioProspectus_20'><\/div><script type=\"text\/javascript\" src=\"https:\/\/unici.prospectus.com.mx\/Herramienta\/formularioPost?id=6cd1c4397eefe831204a9925ff120025a9cc4dc3ec8f676a34c68af9ae59694f\"><\/script><\/div>\n\t\t\t\t\t\t\t<\/div>\n\t\t<\/div>\n\t\t\t\t\t\t<\/div>\n\t\t\t\t<\/div>\n\t\t\t\t\t<\/div>\n\t\t<\/div>\n\t\t\t\t\t<\/div>\n\t\t<\/section>\n\t\t\t\t<\/div>\n\t\t","protected":false},"excerpt":{"rendered":"<p>Maestr\u00eda en Protecci\u00f3n Civil y Gesti\u00f3n de Emergencias RVOE 103\/2013Convenio de La Haya n\u00ba XII, desde el 5 de octubre de 1961, para Colombia Modalidad:&hellip;<\/p>\n","protected":false},"author":2,"featured_media":0,"parent":0,"menu_order":0,"comment_status":"closed","ping_status":"closed","template":"","meta":{"footnotes":""},"class_list":["post-131","page","type-page","status-publish","hentry"],"_links":{"self":[{"href":"https:\/\/cinatworld.org\/unicinat\/wp-json\/wp\/v2\/pages\/131","targetHints":{"allow":["GET"]}}],"collection":[{"href":"https:\/\/cinatworld.org\/unicinat\/wp-json\/wp\/v2\/pages"}],"about":[{"href":"https:\/\/cinatworld.org\/unicinat\/wp-json\/wp\/v2\/types\/page"}],"author":[{"embeddable":true,"href":"https:\/\/cinatworld.org\/unicinat\/wp-json\/wp\/v2\/users\/2"}],"replies":[{"embeddable":true,"href":"https:\/\/cinatworld.org\/unicinat\/wp-json\/wp\/v2\/comments?post=131"}],"version-history":[{"count":16,"href":"https:\/\/cinatworld.org\/unicinat\/wp-json\/wp\/v2\/pages\/131\/revisions"}],"predecessor-version":[{"id":241,"href":"https:\/\/cinatworld.org\/unicinat\/wp-json\/wp\/v2\/pages\/131\/revisions\/241"}],"wp:attachment":[{"href":"https:\/\/cinatworld.org\/unicinat\/wp-json\/wp\/v2\/media?parent=131"}],"curies":[{"name":"wp","href":"https:\/\/api.w.org\/{rel}","templated":true}]}}