{"id":120,"date":"2022-12-11T02:24:14","date_gmt":"2022-12-11T02:24:14","guid":{"rendered":"https:\/\/cinatworld.org\/unicinat\/?page_id=120"},"modified":"2022-12-27T19:30:55","modified_gmt":"2022-12-27T19:30:55","slug":"licenciatura-en-seguridad-laboral-proteccion-civil-y-emergencias","status":"publish","type":"page","link":"https:\/\/cinatworld.org\/unicinat\/licenciatura-en-seguridad-laboral-proteccion-civil-y-emergencias\/","title":{"rendered":"Licenciatura en Seguridad Laboral, Protecci\u00f3n Civil y Emergencias"},"content":{"rendered":"\t\t<div data-elementor-type=\"wp-page\" data-elementor-id=\"120\" class=\"elementor elementor-120\">\n\t\t\t\t\t\t<section class=\"elementor-section elementor-top-section elementor-element elementor-element-68e0036f elementor-section-stretched elementor-section-boxed elementor-section-height-default elementor-section-height-default\" data-id=\"68e0036f\" data-element_type=\"section\" data-e-type=\"section\" data-settings=\"{&quot;stretch_section&quot;:&quot;section-stretched&quot;,&quot;background_background&quot;:&quot;classic&quot;}\">\n\t\t\t\t\t\t\t<div class=\"elementor-background-overlay\"><\/div>\n\t\t\t\t\t\t\t<div class=\"elementor-container elementor-column-gap-default\">\n\t\t\t\t\t<div class=\"elementor-column elementor-col-100 elementor-top-column elementor-element elementor-element-6b96cb39\" data-id=\"6b96cb39\" data-element_type=\"column\" data-e-type=\"column\">\n\t\t\t<div class=\"elementor-widget-wrap elementor-element-populated\">\n\t\t\t\t\t\t<div class=\"elementor-element elementor-element-6a1cb323 elementor-widget elementor-widget-spacer\" data-id=\"6a1cb323\" data-element_type=\"widget\" data-e-type=\"widget\" data-widget_type=\"spacer.default\">\n\t\t\t\t<div class=\"elementor-widget-container\">\n\t\t\t\t\t\t\t<div class=\"elementor-spacer\">\n\t\t\t<div class=\"elementor-spacer-inner\"><\/div>\n\t\t<\/div>\n\t\t\t\t\t\t<\/div>\n\t\t\t\t<\/div>\n\t\t\t\t<div class=\"elementor-element elementor-element-51176f13 elementor-widget elementor-widget-heading\" data-id=\"51176f13\" data-element_type=\"widget\" data-e-type=\"widget\" data-widget_type=\"heading.default\">\n\t\t\t\t<div class=\"elementor-widget-container\">\n\t\t\t\t\t<h2 class=\"elementor-heading-title elementor-size-default\">Licenciatura en Seguridad Laboral, Protecci\u00f3n Civil y Emergencias<\/h2>\t\t\t\t<\/div>\n\t\t\t\t<\/div>\n\t\t\t\t<div class=\"elementor-element elementor-element-166a7f5b elementor-widget elementor-widget-heading\" data-id=\"166a7f5b\" data-element_type=\"widget\" data-e-type=\"widget\" data-widget_type=\"heading.default\">\n\t\t\t\t<div class=\"elementor-widget-container\">\n\t\t\t\t\t<h2 class=\"elementor-heading-title elementor-size-default\">RVOE 100\/2013<br><b><span style=\"font-family: Roboto, Arial;font-size: 18px;text-indent: 20px\">Convenio de La Haya n\u00ba XII, desde el 5 de octubre de 1961, para Colombia<\/span><\/b><\/h2>\t\t\t\t<\/div>\n\t\t\t\t<\/div>\n\t\t\t\t<div class=\"elementor-element elementor-element-899f1de elementor-widget elementor-widget-spacer\" data-id=\"899f1de\" data-element_type=\"widget\" data-e-type=\"widget\" data-widget_type=\"spacer.default\">\n\t\t\t\t<div class=\"elementor-widget-container\">\n\t\t\t\t\t\t\t<div class=\"elementor-spacer\">\n\t\t\t<div class=\"elementor-spacer-inner\"><\/div>\n\t\t<\/div>\n\t\t\t\t\t\t<\/div>\n\t\t\t\t<\/div>\n\t\t\t\t\t<\/div>\n\t\t<\/div>\n\t\t\t\t\t<\/div>\n\t\t<\/section>\n\t\t\t\t<section class=\"elementor-section elementor-top-section elementor-element elementor-element-631d9ac elementor-section-boxed elementor-section-height-default elementor-section-height-default\" data-id=\"631d9ac\" data-element_type=\"section\" data-e-type=\"section\" data-settings=\"{&quot;background_background&quot;:&quot;classic&quot;}\">\n\t\t\t\t\t\t<div class=\"elementor-container elementor-column-gap-default\">\n\t\t\t\t\t<div class=\"elementor-column elementor-col-50 elementor-top-column elementor-element elementor-element-14d78a8a\" data-id=\"14d78a8a\" data-element_type=\"column\" data-e-type=\"column\">\n\t\t\t<div class=\"elementor-widget-wrap elementor-element-populated\">\n\t\t\t\t\t\t<div class=\"elementor-element elementor-element-371bbc1b elementor-widget elementor-widget-text-editor\" data-id=\"371bbc1b\" data-element_type=\"widget\" data-e-type=\"widget\" data-widget_type=\"text-editor.default\">\n\t\t\t\t<div class=\"elementor-widget-container\">\n\t\t\t\t\t\t\t\t\t<strong style=\"color: #fc7e02;\">Modalidad:<\/strong> Online\n<br>\n<strong style=\"color: #fc7e02;\">Nivel Acad\u00e9mico:<\/strong>\u00a0 Profesional\t\t\t\t\t\t\t\t<\/div>\n\t\t\t\t<\/div>\n\t\t\t\t\t<\/div>\n\t\t<\/div>\n\t\t\t\t<div class=\"elementor-column elementor-col-50 elementor-top-column elementor-element elementor-element-6cbe5b2e\" data-id=\"6cbe5b2e\" data-element_type=\"column\" data-e-type=\"column\">\n\t\t\t<div class=\"elementor-widget-wrap elementor-element-populated\">\n\t\t\t\t\t\t<div class=\"elementor-element elementor-element-a8e08de elementor-widget elementor-widget-text-editor\" data-id=\"a8e08de\" data-element_type=\"widget\" data-e-type=\"widget\" data-widget_type=\"text-editor.default\">\n\t\t\t\t<div class=\"elementor-widget-container\">\n\t\t\t\t\t\t\t\t\t<strong style=\"color: #fc7e02;\">Inicio de clases:<\/strong> 8 de enero de 2023\n<br>\n<strong style=\"color: #fc7e02;\">Duraci\u00f3n:<\/strong> 9 Cutrimestres (3 a\u00f1os)\t\t\t\t\t\t\t\t<\/div>\n\t\t\t\t<\/div>\n\t\t\t\t\t<\/div>\n\t\t<\/div>\n\t\t\t\t\t<\/div>\n\t\t<\/section>\n\t\t\t\t<section class=\"elementor-section elementor-top-section elementor-element elementor-element-6e99129f elementor-section-stretched elementor-section-boxed elementor-section-height-default elementor-section-height-default\" data-id=\"6e99129f\" data-element_type=\"section\" data-e-type=\"section\" data-settings=\"{&quot;stretch_section&quot;:&quot;section-stretched&quot;}\">\n\t\t\t\t\t\t<div class=\"elementor-container elementor-column-gap-default\">\n\t\t\t\t\t<div class=\"elementor-column elementor-col-100 elementor-top-column elementor-element elementor-element-2e3510dc\" data-id=\"2e3510dc\" data-element_type=\"column\" data-e-type=\"column\">\n\t\t\t<div class=\"elementor-widget-wrap elementor-element-populated\">\n\t\t\t\t\t\t<div class=\"elementor-element elementor-element-7580eadd elementor-tabs-view-horizontal elementor-widget elementor-widget-tabs\" data-id=\"7580eadd\" data-element_type=\"widget\" data-e-type=\"widget\" data-widget_type=\"tabs.default\">\n\t\t\t\t<div class=\"elementor-widget-container\">\n\t\t\t\t\t\t\t<div class=\"elementor-tabs\">\n\t\t\t<div class=\"elementor-tabs-wrapper\" role=\"tablist\" >\n\t\t\t\t\t\t\t\t\t<div id=\"elementor-tab-title-1971\" class=\"elementor-tab-title elementor-tab-desktop-title\" aria-selected=\"true\" data-tab=\"1\" role=\"tab\" tabindex=\"0\" aria-controls=\"elementor-tab-content-1971\" aria-expanded=\"false\">Acerca de <\/div>\n\t\t\t\t\t\t\t\t\t<div id=\"elementor-tab-title-1972\" class=\"elementor-tab-title elementor-tab-desktop-title\" aria-selected=\"false\" data-tab=\"2\" role=\"tab\" tabindex=\"-1\" aria-controls=\"elementor-tab-content-1972\" aria-expanded=\"false\">Plan de estudios<\/div>\n\t\t\t\t\t\t\t\t\t<div id=\"elementor-tab-title-1973\" class=\"elementor-tab-title elementor-tab-desktop-title\" aria-selected=\"false\" data-tab=\"3\" role=\"tab\" tabindex=\"-1\" aria-controls=\"elementor-tab-content-1973\" aria-expanded=\"false\">Solicitar Informaci\u00f3n<\/div>\n\t\t\t\t\t\t\t<\/div>\n\t\t\t<div class=\"elementor-tabs-content-wrapper\" role=\"tablist\" aria-orientation=\"vertical\">\n\t\t\t\t\t\t\t\t\t<div class=\"elementor-tab-title elementor-tab-mobile-title\" aria-selected=\"true\" data-tab=\"1\" role=\"tab\" tabindex=\"0\" aria-controls=\"elementor-tab-content-1971\" aria-expanded=\"false\">Acerca de <\/div>\n\t\t\t\t\t<div id=\"elementor-tab-content-1971\" class=\"elementor-tab-content elementor-clearfix\" data-tab=\"1\" role=\"tabpanel\" aria-labelledby=\"elementor-tab-title-1971\" tabindex=\"0\" hidden=\"false\"><h1><img decoding=\"async\" src=\"https:\/\/cinatworld.org\/unicinat\/wp-content\/uploads\/2022\/12\/DSC03170-scaled.jpg\" \/><\/h1><h2 dir=\"ltr\" style=\"color: #fc7e02;\">Objetivo:<\/h2><p dir=\"ltr\" style=\"color: #000000;\">Formar profesionales con una s\u00f3lida preparaci\u00f3n te\u00f3rica-metodol\u00f3gica y con un alto compromiso social, que le permitan emprender, mediante estrategias previamente dise\u00f1adas, acciones de coordinaci\u00f3n para la prevenci\u00f3n, dar respuesta y rehabilitaci\u00f3n de emergencias y\/o desastres, causados por agentes perturbadores, con la finalidad de proteger la vida de la poblaci\u00f3n, sus bienes, servicios estrat\u00e9gicos y el entorno.<\/p><h2 style=\"color: #10354b;\">Objetivos Espec\u00edficos:<\/h2><p class=\"CDt4Ke zfr3Q\" dir=\"ltr\" style=\"color: #000000;\">\u2022 Ejercer\u00e1 su profesi\u00f3n de manera integral, para la prevenci\u00f3n de riesgos y atenci\u00f3n de emergencias en los \u00e1mbitos p\u00fablicos, privado, industrial, institucional y dom\u00e9stico.<\/p><p class=\"CDt4Ke zfr3Q\" dir=\"ltr\" style=\"color: #000000;\">\u2022 Tendr\u00e1 la capacidad de involucrar e incentivar a otros profesionales y personas en general, para promover h\u00e1bitos saludables y seguros.<\/p><p class=\"CDt4Ke zfr3Q\" dir=\"ltr\" style=\"color: #000000;\">\u2022 Aplicar\u00e1 los procedimientos de intervenci\u00f3n y tratamiento para preservar la vida, la funcionalidad, limitar el da\u00f1o y minimizar secuelas.<\/p><p class=\"CDt4Ke zfr3Q\" dir=\"ltr\" style=\"color: #000000;\">\u2022 Se integrar\u00e1 y participar\u00e1 en organizaciones colegiadas y civiles para la mejora de la profesi\u00f3n y del campo laboral.<\/p><p class=\"CDt4Ke zfr3Q\" dir=\"ltr\" style=\"color: #000000;\">\u2022 Realizar\u00e1 intervenci\u00f3n educativa dirigida a modificar comportamientos de riesgo en diferentes grupos de la sociedad, con referencia a conocimientos y habilidades de la comunicaci\u00f3n, t\u00e9cnicas grupales y con un nivel medio del ingl\u00e9s como segundo idioma.<\/p><\/div>\n\t\t\t\t\t\t\t\t\t<div class=\"elementor-tab-title elementor-tab-mobile-title\" aria-selected=\"false\" data-tab=\"2\" role=\"tab\" tabindex=\"-1\" aria-controls=\"elementor-tab-content-1972\" aria-expanded=\"false\">Plan de estudios<\/div>\n\t\t\t\t\t<div id=\"elementor-tab-content-1972\" class=\"elementor-tab-content elementor-clearfix\" data-tab=\"2\" role=\"tabpanel\" aria-labelledby=\"elementor-tab-title-1972\" tabindex=\"0\" hidden=\"hidden\"><table>\n<tbody>\n<tr>\n<td width=\"196\">\n<center>\n<strong>I<\/strong>\n<\/center>\n<\/td>\n<td width=\"196\"><center>\n<strong>II<\/strong>\n<\/center>\n<\/td>\n<td width=\"196\"><center>\n<strong>III<\/strong>\n<\/center>\n<\/td>\n<\/tr>\n<tr>\n<td width=\"196\">Tecnolog\u00edas de la Informaci\u00f3n<\/td>\n<td width=\"196\">Bioqu\u00edmica<\/td>\n<td width=\"196\">Metodolog\u00eda de la Investigaci\u00f3n<\/td>\n<\/tr>\n<tr>\n<td width=\"196\">Psicolog\u00eda<\/td>\n<td width=\"196\">Intervenci\u00f3n Organizacional de la Psicolog\u00eda del Trabajo<\/td>\n<td width=\"196\">Atenci\u00f3n Psicol\u00f3gica del Desastre<\/td>\n<\/tr>\n<tr>\n<td width=\"196\">Primeros Auxilios M\u00e9dicos<\/td>\n<td width=\"196\">Higiene y Seguridad Laboral e Industrial I<\/td>\n<td width=\"196\">Higiene y Seguridad Laboral e Industrial II<\/td>\n<\/tr>\n<tr>\n<td width=\"196\">Diagn\u00f3stico Situacional de Riesgo<\/td>\n<td width=\"196\">Introducci\u00f3n a la Protecci\u00f3n Civil y Emergencias<\/td>\n<td width=\"196\">B\u00fasqueda y Rescate<\/td>\n<\/tr>\n<tr>\n<td width=\"196\">Ecolog\u00eda<\/td>\n<td width=\"196\">Agentes Perturbadores I<\/td>\n<td width=\"196\">Protecci\u00f3n Civil y su Legislaci\u00f3n<\/td>\n<\/tr>\n<tr>\n<td width=\"196\"><center>\n<strong>IV<\/strong>\n<\/center>\n<\/td>\n<td width=\"196\"><center>\n<strong>V<\/strong>\n<\/center>\n<\/td>\n<td width=\"196\"><center>\n<strong>VI<\/strong>\n<\/center>\n<\/td>\n<\/tr>\n<tr>\n<td width=\"196\">Geolog\u00eda<\/td>\n<td width=\"196\">Sistema de Informaci\u00f3n Georeferenciada<\/td>\n<td width=\"196\">Cambio Clim\u00e1tico<\/td>\n<\/tr>\n<tr>\n<td width=\"196\">Programa Interno de Protecci\u00f3n Civil<\/td>\n<td width=\"196\">Gesti\u00f3n de Riesgos I<\/td>\n<td width=\"196\">Gesti\u00f3n de Riesgos II<\/td>\n<\/tr>\n<tr>\n<td width=\"196\">Combate de Incendios<\/td>\n<td width=\"196\">Estructuras Colapsadas<\/td>\n<td width=\"196\">Agentes Perturbadores II<\/td>\n<\/tr>\n<tr>\n<td width=\"196\">Historia Contempor\u00e1nea del Desastre<\/td>\n<td width=\"196\">Comunicaci\u00f3n de la Emergencia<\/td>\n<td width=\"196\">Manejo de Conflictos<\/td>\n<\/tr>\n<tr>\n<td width=\"196\">Epidemiolog\u00eda de los Desastres<\/td>\n<td width=\"196\">Cultura Empresarial<\/td>\n<td width=\"196\">Planeaci\u00f3n Estrat\u00e9gica<\/td>\n<\/tr>\n<tr>\n<td width=\"196\"><center>\n<strong>VII<\/strong>\n<\/center>\n<\/td>\n<td width=\"196\"><center>\n<strong>VIII<\/strong>\n<\/center>\n<\/td>\n<td width=\"196\">\n<center>\n<strong>IX<\/strong>\n<\/center>\n<\/td>\n<\/tr>\n<tr>\n<td width=\"196\">\u00c9tica<\/td>\n<td width=\"196\">Proyecto de Titulaci\u00f3n I<\/td>\n<td width=\"196\">Proyecto de Titulaci\u00f3n II<\/td>\n<\/tr>\n<tr>\n<td width=\"196\">Diagn\u00f3stico de Riesgo<\/td>\n<td width=\"196\">Elaboraci\u00f3n de Dict\u00e1menes de Riesgo<\/td>\n<td width=\"196\">Escenarios de Riesgos y Simulacros<\/td>\n<\/tr>\n<tr>\n<td width=\"196\">Modelo de Intervenci\u00f3n Ante Desastres<\/td>\n<td width=\"196\">Elaboraci\u00f3n de un Plan de Recuperaci\u00f3n<\/td>\n<td width=\"196\">Pol\u00edtica y Legislaci\u00f3n Internacional<\/td>\n<\/tr>\n<tr>\n<td width=\"196\">Manejo de Materiales Peligrosos<\/td>\n<td width=\"196\">Manejo de P\u00e9rdidas Humanas<\/td>\n<td width=\"196\">Evaluaci\u00f3n de proyectos<\/td>\n<\/tr>\n<tr>\n<td width=\"196\">Emprendedurismo<\/td>\n<td width=\"196\">&nbsp;<\/td>\n<td width=\"196\">Comunidades Resilientes<\/td>\n<\/tr>\n<\/tbody>\n<\/table><\/div>\n\t\t\t\t\t\t\t\t\t<div class=\"elementor-tab-title elementor-tab-mobile-title\" aria-selected=\"false\" data-tab=\"3\" role=\"tab\" tabindex=\"-1\" aria-controls=\"elementor-tab-content-1973\" aria-expanded=\"false\">Solicitar Informaci\u00f3n<\/div>\n\t\t\t\t\t<div id=\"elementor-tab-content-1973\" class=\"elementor-tab-content elementor-clearfix\" data-tab=\"3\" role=\"tabpanel\" aria-labelledby=\"elementor-tab-title-1973\" tabindex=\"0\" hidden=\"hidden\"><div id=\"1\">\n      <script src=\"https:\/\/cdnjs.cloudflare.com\/ajax\/libs\/jquery\/1.9.1\/jquery.min.js\" \nintegrity=\"sha512-jGR1T3dQerLCSm\/IGEGbndPwzszJBlKQ5Br9vuB0Pw2iyxOy+7AK+lJcCC8eaXyz\/9du+bkCy4HXxByhxkHf+w==\" crossorigin=\"anonymous\" referrerpolicy=\"no-referrer\"><\/script>\n<script type=\"text\/javascript\" src=\"https:\/\/cdnjs.cloudflare.com\/ajax\/libs\/jquery-validate\/1.19.3\/jquery.validate.js\"> <\/script>\n<\/div>\n<style>\n#formularioProspectus_8{\n\n    text-align: center;\n    margin: 10% 10%;\n    padding: 15px;\n    width: 80%;\n\n}\n\n\n.pros_Etiqueta {\n    width: 25%;\n    float: left;\n    text-align: left;\n\tpadding: 10px;\n\t\n}\n\n.pros_Elemento {\n    width: 74%;\n    text-align: left;\n\tpadding: 10px;\n}\n\n.pros_Texto {\n    width: 60%;\n}\n\n.pros_Select {\n    width: 60%;\n}\n<\/style>\n<div id='formularioProspectus_19'><\/div><script type=\"text\/javascript\" src=\"https:\/\/unici.prospectus.com.mx\/Herramienta\/formularioPost?id=ca7077ea8aee161e74fb5ee0f0ff4b8650ca210b5a5014e70e833208c7b90010\"><\/script><\/div>\n\t\t\t\t\t\t\t<\/div>\n\t\t<\/div>\n\t\t\t\t\t\t<\/div>\n\t\t\t\t<\/div>\n\t\t\t\t\t<\/div>\n\t\t<\/div>\n\t\t\t\t\t<\/div>\n\t\t<\/section>\n\t\t\t\t<\/div>\n\t\t","protected":false},"excerpt":{"rendered":"<p>Licenciatura en Seguridad Laboral, Protecci\u00f3n Civil y Emergencias RVOE 100\/2013Convenio de La Haya n\u00ba XII, desde el 5 de octubre de 1961, para Colombia Modalidad:&hellip;<\/p>\n","protected":false},"author":2,"featured_media":0,"parent":0,"menu_order":0,"comment_status":"closed","ping_status":"closed","template":"","meta":{"footnotes":""},"class_list":["post-120","page","type-page","status-publish","hentry"],"_links":{"self":[{"href":"https:\/\/cinatworld.org\/unicinat\/wp-json\/wp\/v2\/pages\/120","targetHints":{"allow":["GET"]}}],"collection":[{"href":"https:\/\/cinatworld.org\/unicinat\/wp-json\/wp\/v2\/pages"}],"about":[{"href":"https:\/\/cinatworld.org\/unicinat\/wp-json\/wp\/v2\/types\/page"}],"author":[{"embeddable":true,"href":"https:\/\/cinatworld.org\/unicinat\/wp-json\/wp\/v2\/users\/2"}],"replies":[{"embeddable":true,"href":"https:\/\/cinatworld.org\/unicinat\/wp-json\/wp\/v2\/comments?post=120"}],"version-history":[{"count":19,"href":"https:\/\/cinatworld.org\/unicinat\/wp-json\/wp\/v2\/pages\/120\/revisions"}],"predecessor-version":[{"id":237,"href":"https:\/\/cinatworld.org\/unicinat\/wp-json\/wp\/v2\/pages\/120\/revisions\/237"}],"wp:attachment":[{"href":"https:\/\/cinatworld.org\/unicinat\/wp-json\/wp\/v2\/media?parent=120"}],"curies":[{"name":"wp","href":"https:\/\/api.w.org\/{rel}","templated":true}]}}